{"id":72,"date":"2020-04-02T12:06:57","date_gmt":"2020-04-02T12:06:57","guid":{"rendered":"https:\/\/demosites.io\/pet-shop-gb\/?post_type=product&#038;p=72"},"modified":"2025-05-19T20:24:49","modified_gmt":"2025-05-19T19:24:49","slug":"bezowy-brelok-w-ksztalcie-lizaka","status":"publish","type":"product","link":"https:\/\/animalista.art\/en\/produkt\/bezowy-brelok-w-ksztalcie-lizaka\/","title":{"rendered":"Beige lollipop keychain"},"content":{"rendered":"<h3><b>R\u0119cznie malowany brelok \u2013 unikalna pami\u0105tka na lata<\/b><\/h3>\n<p><span style=\"font-weight: 400;\">Ten wyj\u0105tkowy brelok zosta\u0142 wykonany z wysokiej jako\u015bci sk\u00f3ry naturalnej, co gwarantuje trwa\u0142o\u015b\u0107 i elegancj\u0119 przez d\u0142ugie lata. Produkowany w Polsce, \u0142\u0105czy rzemie\u015blnicz\u0105 precyzj\u0119 z artystycznym kunsztem.<\/span><\/p>\n<h4><b>Wymiary breloczka:<\/b><\/h4>\n<ul>\n<li style=\"font-weight: 400;\" aria-level=\"1\"><b>Szeroko\u015b\u0107:<\/b><span style=\"font-weight: 400;\"> 5 cm<\/span><\/li>\n<li style=\"font-weight: 400;\" aria-level=\"1\"><b>Wysoko\u015b\u0107:<\/b><span style=\"font-weight: 400;\"> 8,5 cm<\/span><\/li>\n<li style=\"font-weight: 400;\" aria-level=\"1\"><b>Wysoko\u015b\u0107 ca\u0142kowita (z zawieszk\u0105):<\/b><span style=\"font-weight: 400;\"> 12 cm<\/span><\/li>\n<\/ul>\n<p><span style=\"font-weight: 400;\">Ka\u017cdy malunek powstaje w kilku starannie dobranych etapach: sk\u00f3ra jest najpierw oczyszczana, nast\u0119pnie r\u0119cznie malowana trwa\u0142ymi farbami akrylowymi, a na ko\u0144cu zabezpieczana bezbarwnym lakierem. Dzi\u0119ki temu wz\u00f3r jest odporny na \u015bcieranie i zachowuje intensywne kolory przez d\u0142ugi czas. Jednak nale\u017cy pami\u0119ta\u0107, aby odpowiednio o niego dba\u0107.<\/span><\/p>\n<p><span style=\"font-weight: 400;\">Produkt jest pakowany w eleganckie pude\u0142ko, kt\u00f3re idealnie nadaje si\u0119 na gotowy prezent.<\/span><\/p>\n<h3><b>Prze\u015blij zdj\u0119cie i stw\u00f3rz wyj\u0105tkowy brelok!<\/b><\/h3>\n<p><span style=\"font-weight: 400;\">Aby uzyska\u0107 jak najlepszy efekt, zdj\u0119cie zwierz\u0119cia powinno by\u0107:<\/span><span style=\"font-weight: 400;\"><br \/>\n<\/span><span style=\"font-weight: 400;\">\u2705 <\/span><b>Dobrej jako\u015bci<\/b><span style=\"font-weight: 400;\"> \u2013 ostre i wyra\u017ane<\/span><span style=\"font-weight: 400;\"><br \/>\n<\/span><span style=\"font-weight: 400;\">\u2705 <\/span><b>W pozycji siedz\u0105cej lub stoj\u0105cej<\/b><b><br \/>\n<\/b><span style=\"font-weight: 400;\">\u2705 <\/span><b>Skierowane w stron\u0119 kamery<\/b><b><br \/>\n<\/b><span style=\"font-weight: 400;\">\u2705 <\/span><b>Wykonane w naturalnym \u015bwietle<\/b><\/p>\n<h3><b>Czas realizacji<\/b><\/h3>\n<p><span style=\"font-weight: 400;\">Ka\u017cdy brelok tworzony jest r\u0119cznie, dlatego czas wykonania zale\u017cy od liczby zam\u00f3wie\u0144. Standardowy czas realizacji to <\/span><b>minimum 10 dni<\/b><span style=\"font-weight: 400;\">, ale przed zakupem warto zapyta\u0107 o aktualny termin.<\/span><\/p>\n","protected":false},"excerpt":{"rendered":"<p><b>Hand-painted keyring made of natural leather.<\/b><span style=\"font-weight: 400;\"> Each piece is handcrafted, precisely painted and protected for durability.<\/span><\/p>\n","protected":false},"featured_media":457,"template":"","meta":{"neve_meta_sidebar":"","neve_meta_container":"","neve_meta_enable_content_width":"off","neve_meta_content_width":100,"neve_meta_title_alignment":"","neve_meta_author_avatar":"","neve_post_elements_order":"","neve_meta_disable_header":"","neve_meta_disable_footer":"","neve_meta_disable_title":"","_themeisle_gutenberg_block_has_review":false},"product_brand":[],"product_cat":[],"product_tag":[],"class_list":{"0":"post-72","1":"product","2":"type-product","3":"status-publish","4":"has-post-thumbnail","7":"first","8":"instock","9":"taxable","10":"shipping-taxable","11":"purchasable","12":"product-type-simple"},"aioseo_notices":[],"_links":{"self":[{"href":"https:\/\/animalista.art\/en\/wp-json\/wp\/v2\/product\/72","targetHints":{"allow":["GET"]}}],"collection":[{"href":"https:\/\/animalista.art\/en\/wp-json\/wp\/v2\/product"}],"about":[{"href":"https:\/\/animalista.art\/en\/wp-json\/wp\/v2\/types\/product"}],"wp:featuredmedia":[{"embeddable":true,"href":"https:\/\/animalista.art\/en\/wp-json\/"}],"wp:attachment":[{"href":"https:\/\/animalista.art\/en\/wp-json\/wp\/v2\/media?parent=72"}],"wp:term":[{"taxonomy":"product_brand","embeddable":true,"href":"https:\/\/animalista.art\/en\/wp-json\/wp\/v2\/product_brand?post=72"},{"taxonomy":"product_cat","embeddable":true,"href":"https:\/\/animalista.art\/en\/wp-json\/wp\/v2\/product_cat?post=72"},{"taxonomy":"product_tag","embeddable":true,"href":"https:\/\/animalista.art\/en\/wp-json\/wp\/v2\/product_tag?post=72"}],"curies":[{"name":"wp","href":"https:\/\/api.w.org\/{rel}","templated":true}]}}