{"id":413,"date":"2025-02-15T22:49:16","date_gmt":"2025-02-15T21:49:16","guid":{"rendered":"https:\/\/shop.animalista.art\/?page_id=413"},"modified":"2025-03-03T21:09:17","modified_gmt":"2025-03-03T20:09:17","slug":"platnosci-i-wysylka","status":"publish","type":"page","link":"https:\/\/animalista.art\/en\/platnosci-i-wysylka\/","title":{"rendered":"P\u0142atno\u015bci i wysy\u0142ka"},"content":{"rendered":"\n<h5 class=\"wp-block-heading\"><strong>Poni\u017cej przedstawiamy wszystkie mo\u017cliwe formy p\u0142atno\u015bci za zakupy dokonane w sklepie internetowym animalista.art oraz opcje wysy\u0142ki.<\/strong><\/h5>\n\n\n<div class=\"wp-block-image\">\n<figure class=\"aligncenter size-full\"><img decoding=\"async\" width=\"281\" height=\"98\" data-src=\"https:\/\/animalista.art\/wp-content\/uploads\/2025\/02\/przelew_button.webp\" alt=\"\" class=\"wp-image-414 lazyload\" src=\"data:image\/svg+xml;base64,PHN2ZyB3aWR0aD0iMSIgaGVpZ2h0PSIxIiB4bWxucz0iaHR0cDovL3d3dy53My5vcmcvMjAwMC9zdmciPjwvc3ZnPg==\" style=\"--smush-placeholder-width: 281px; --smush-placeholder-aspect-ratio: 281\/98;\" \/><\/figure>\n<\/div>\n\n\n<p><strong>Dane do przelewu:<\/strong><\/p>\n\n\n\n<p>Bono Artis<\/p>\n\n\n\n<p>PL <strong>94 1140 2004 0000 3202 8070 7552<\/strong><\/p>\n\n\n<div class=\"wp-block-image\">\n<figure class=\"aligncenter size-full\"><img decoding=\"async\" width=\"281\" height=\"97\" data-src=\"https:\/\/animalista.art\/wp-content\/uploads\/2025\/02\/payu_button-1.webp\" alt=\"\" class=\"wp-image-417 lazyload\" src=\"data:image\/svg+xml;base64,PHN2ZyB3aWR0aD0iMSIgaGVpZ2h0PSIxIiB4bWxucz0iaHR0cDovL3d3dy53My5vcmcvMjAwMC9zdmciPjwvc3ZnPg==\" style=\"--smush-placeholder-width: 281px; --smush-placeholder-aspect-ratio: 281\/97;\" \/><\/figure>\n<\/div>\n\n\n<ul class=\"wp-block-list\">\n<li>mo\u017cliwo\u015b\u0107 p\u0142atno\u015bci za zam\u00f3wienie elektronicznym przelewem bankowym<\/li>\n\n\n\n<li>mo\u017cliwo\u015b\u0107 wyboru spo\u015br\u00f3d wszystkich bank\u00f3w \u015bwiadcz\u0105cych us\u0142ugi bankowo\u015bci elektronicznej<\/li>\n\n\n\n<li>bezpieczna, szyfrowana forma dokonywania p\u0142atno\u015bci<\/li>\n\n\n\n<li>zaksi\u0119gowanie op\u0142aty i przekazanie zam\u00f3wienia do realizacji nast\u0119puje zaraz po dokonaniu p\u0142atno\u015bci<\/li>\n<\/ul>\n\n\n<div class=\"wp-block-image\">\n<figure class=\"aligncenter size-full\"><img decoding=\"async\" width=\"281\" height=\"95\" data-src=\"https:\/\/animalista.art\/wp-content\/uploads\/2025\/02\/za_pobraniem_button.webp\" alt=\"\" class=\"wp-image-416 lazyload\" src=\"data:image\/svg+xml;base64,PHN2ZyB3aWR0aD0iMSIgaGVpZ2h0PSIxIiB4bWxucz0iaHR0cDovL3d3dy53My5vcmcvMjAwMC9zdmciPjwvc3ZnPg==\" style=\"--smush-placeholder-width: 281px; --smush-placeholder-aspect-ratio: 281\/95;\" \/><\/figure>\n<\/div>\n\n\n<p>P\u0142atno\u015b\u0107 got\u00f3wk\u0105 przy odbiorze, p\u0142atne u kuriera.<\/p>\n\n\n\n<p><strong>Koszty wysy\u0142ki wszystkich produkt\u00f3w s\u0105 takie same:<\/strong><\/p>\n\n\n<div class=\"wp-block-image\">\n<figure class=\"alignleft size-full is-resized\"><img decoding=\"async\" width=\"400\" height=\"266\" data-src=\"https:\/\/animalista.art\/wp-content\/uploads\/2025\/03\/InPost-2.webp\" alt=\"\" class=\"wp-image-891 lazyload\" style=\"--smush-placeholder-width: 400px; --smush-placeholder-aspect-ratio: 400\/266;width:283px;height:auto\" data-srcset=\"https:\/\/animalista.art\/wp-content\/uploads\/2025\/03\/InPost-2.webp 400w, https:\/\/animalista.art\/wp-content\/uploads\/2025\/03\/InPost-2-350x233.webp 350w\" data-sizes=\"(max-width: 400px) 100vw, 400px\" src=\"data:image\/svg+xml;base64,PHN2ZyB3aWR0aD0iMSIgaGVpZ2h0PSIxIiB4bWxucz0iaHR0cDovL3d3dy53My5vcmcvMjAwMC9zdmciPjwvc3ZnPg==\" \/><\/figure>\n<\/div>\n\n\n<p>Orlen Paczka: 13 z\u0142<\/p>\n\n\n\n<p>Kurier InPost: 16 z\u0142<\/p>\n\n\n\n<p>Paczkomat: 16 z\u0142<\/p>\n\n\n\n<p><\/p>\n\n\n\n<p><em>Najpewniejsze dostawa dzie\u0144 po wysy\u0142ce wed\u0142ug naszych statystyk to Paczkomat, najmniej pewna to Orlen Paczka. W przypadkach pilnych, prosimy o informacj\u0119 w &#8220;Uwagach do zam\u00f3wienia.&#8221;<\/em><\/p>\n\n\n\n<p>Wysy\u0142ka za granic\u0119 mo\u017cliwa po wcze\u015bniejszym kontakcie w celu ustaleniu koszt\u00f3w wysy\u0142ki.<\/p>\n\n\n<div class=\"wp-block-image\">\n<figure class=\"alignleft size-full is-resized\"><img decoding=\"async\" width=\"352\" height=\"353\" data-src=\"https:\/\/animalista.art\/wp-content\/uploads\/2025\/02\/recycling.webp\" alt=\"\" class=\"wp-image-415 lazyload\" style=\"--smush-placeholder-width: 352px; --smush-placeholder-aspect-ratio: 352\/353;width:185px;height:auto\" data-srcset=\"https:\/\/animalista.art\/wp-content\/uploads\/2025\/02\/recycling.webp 352w, https:\/\/animalista.art\/wp-content\/uploads\/2025\/02\/recycling-350x350.webp 350w, https:\/\/animalista.art\/wp-content\/uploads\/2025\/02\/recycling-100x100.webp 100w, https:\/\/animalista.art\/wp-content\/uploads\/2025\/02\/recycling-300x300.webp 300w, https:\/\/animalista.art\/wp-content\/uploads\/2025\/02\/recycling-150x150.webp 150w\" data-sizes=\"(max-width: 352px) 100vw, 352px\" src=\"data:image\/svg+xml;base64,PHN2ZyB3aWR0aD0iMSIgaGVpZ2h0PSIxIiB4bWxucz0iaHR0cDovL3d3dy53My5vcmcvMjAwMC9zdmciPjwvc3ZnPg==\" \/><\/figure>\n<\/div>\n\n\n<p><strong>Recykling opakowa\u0144<\/strong><\/p>\n\n\n\n<p>Stosujemy opakowanie z recyklingu.<\/p>\n\n\n\n<p>Pakowanie zajmuje wi\u0119cej czasu, a same opakowania nie s\u0105 idealne, jednak zawsze czyste.<\/p>\n\n\n\n<p>Mamy nadziej\u0119, \u017ce dzi\u0119ki temu przyczyniamy si\u0119 do zmniejszenia ilo\u015b\u0107 odpad\u00f3w.<\/p>\n","protected":false},"excerpt":{"rendered":"<p>Poni\u017cej przedstawiamy wszystkie mo\u017cliwe formy p\u0142atno\u015bci za zakupy dokonane w sklepie internetowym animalista.art oraz opcje wysy\u0142ki. Dane do przelewu: Bono Artis PL 94 1140 2004 0000 3202 8070 7552 P\u0142atno\u015b\u0107 got\u00f3wk\u0105 przy odbiorze, p\u0142atne u kuriera. Koszty wysy\u0142ki wszystkich produkt\u00f3w s\u0105 takie same: Orlen Paczka: 13 z\u0142 Kurier InPost: 16 z\u0142 Paczkomat: 16 z\u0142 Najpewniejsze&hellip;&nbsp;<a href=\"https:\/\/animalista.art\/en\/platnosci-i-wysylka\/\" rel=\"bookmark\">Read More &raquo;<span class=\"screen-reader-text\">P\u0142atno\u015bci i wysy\u0142ka<\/span><\/a><\/p>\n","protected":false},"author":1,"featured_media":0,"parent":0,"menu_order":0,"comment_status":"closed","ping_status":"closed","template":"","meta":{"neve_meta_sidebar":"","neve_meta_container":"","neve_meta_enable_content_width":"","neve_meta_content_width":0,"neve_meta_title_alignment":"","neve_meta_author_avatar":"","neve_post_elements_order":"","neve_meta_disable_header":"","neve_meta_disable_footer":"","neve_meta_disable_title":"","_themeisle_gutenberg_block_has_review":false,"footnotes":""},"class_list":["post-413","page","type-page","status-publish","hentry"],"aioseo_notices":[],"_links":{"self":[{"href":"https:\/\/animalista.art\/en\/wp-json\/wp\/v2\/pages\/413","targetHints":{"allow":["GET"]}}],"collection":[{"href":"https:\/\/animalista.art\/en\/wp-json\/wp\/v2\/pages"}],"about":[{"href":"https:\/\/animalista.art\/en\/wp-json\/wp\/v2\/types\/page"}],"author":[{"embeddable":true,"href":"https:\/\/animalista.art\/en\/wp-json\/wp\/v2\/users\/1"}],"replies":[{"embeddable":true,"href":"https:\/\/animalista.art\/en\/wp-json\/wp\/v2\/comments?post=413"}],"version-history":[{"count":4,"href":"https:\/\/animalista.art\/en\/wp-json\/wp\/v2\/pages\/413\/revisions"}],"predecessor-version":[{"id":894,"href":"https:\/\/animalista.art\/en\/wp-json\/wp\/v2\/pages\/413\/revisions\/894"}],"wp:attachment":[{"href":"https:\/\/animalista.art\/en\/wp-json\/wp\/v2\/media?parent=413"}],"curies":[{"name":"wp","href":"https:\/\/api.w.org\/{rel}","templated":true}]}}