{"id":355,"date":"2025-02-15T19:50:50","date_gmt":"2025-02-15T18:50:50","guid":{"rendered":"https:\/\/shop.animalista.art\/?page_id=355"},"modified":"2025-03-05T19:19:08","modified_gmt":"2025-03-05T18:19:08","slug":"regulamin","status":"publish","type":"page","link":"https:\/\/animalista.art\/en\/regulamin\/","title":{"rendered":"Regulamin"},"content":{"rendered":"\n<p>Korzystaj\u0105c ze strony www.animalista.art akceptujesz warunki poni\u017cszego Regulaminu oraz polityki prywatno\u015bci, stanowi\u0105cej za\u0142\u0105cznik do niniejszego regulaminu, znajduj\u0105cej si\u0119 pod adresem <a href=\"https:\/\/animalista.art\/polityka-prywatnosci\" data-type=\"page\" data-id=\"3\">polityka-prywatnosci<\/a><\/p>\n\n\n\n<ol class=\"wp-block-list\">\n<li>W\u0142a\u015bcicielem Sklepu Internetowego <em><strong>animalista<\/strong><\/em> dzia\u0142aj\u0105cego pod adresem animalista.art jest firma: Bono Artis Monika O\u015bmia\u0142owska<br>ul. Prosowa 1<br>86-200 Che\u0142mno<br>NIP 875-12-76-155<br>REGON 870589039, <\/li>\n\n\n\n<li>Dane kontaktowe: kontakt[at]animalista.art<\/li>\n\n\n\n<li>Ceny towar\u00f3w znajduj\u0105cych si\u0119 w sklepie internetowym <em><strong>animalista<\/strong><\/em> s\u0105 podane w z\u0142otych polskich i zawieraj\u0105 VAT (s\u0105 cenami brutto).<\/li>\n\n\n\n<li>Podstawowym warunkiem realizacji dokonanych zakup\u00f3w jest prawid\u0142owe wype\u0142nienie przez Zamawiaj\u0105cego formularza zam\u00f3wienia, udost\u0119pnionego przez <em><strong>animalista<\/strong><\/em> na stronie internetowej lub w mediach spo\u0142eczno\u015bciowych.<\/li>\n\n\n\n<li>W danych dotycz\u0105cych przelewu, w polu \u201etytu\u0142\u201d nale\u017cy poda\u0107 kr\u00f3tki opis zam\u00f3wienia.<\/li>\n\n\n\n<li>Zam\u00f3wiony towar b\u0119dzie wysy\u0142any przesy\u0142k\u0105 kuriersk\u0105, za po\u015brednictwem Paczkomatu lub paczki ORLEN w ci\u0105gu maksymalnie 15 dni od zaksi\u0119gowania wp\u0142aty na koncie firmy. Czas wysy\u0142ki mo\u017ce by\u0107 kr\u00f3tszy.<\/li>\n\n\n\n<li>Koszt dostawy jest kalkulowany dla indywidualnego zam\u00f3wienia i jest uwidoczniony w koszyku zam\u00f3wienia.<\/li>\n\n\n\n<li>Sklep <em><strong>animalista<\/strong><\/em> zastrzega sobie mo\u017cliwo\u015b\u0107 braku dost\u0119pno\u015bci towaru w magazynie, o czym Zamawiaj\u0105cy jest informowany drog\u0105 mailow\u0105 lub telefoniczn\u0105. Zamawiaj\u0105cy ma prawo odst\u0105pi\u0107 od ca\u0142o\u015bci zam\u00f3wienia, zrezygnowa\u0107 tylko z brakuj\u0105cej pozycji lub te\u017c zaakceptowa\u0107 wyd\u0142u\u017cony czas realizacji.<\/li>\n\n\n\n<li>Klient ma prawo do odst\u0105pienia od umowy bez podania przyczyn w ci\u0105gu 14 dni od dnia otrzymania zam\u00f3wienia za wyj\u0105tkiem produkt\u00f3w przygotowanych na zam\u00f3wienie czyli m. in. brelok\u00f3w personalizowanych. Szczeg\u00f3\u0142owe zasady <a href=\"\/zwroty-i-reklamacje\/\">zwrot\u00f3w i reklamacji <\/a>.<\/li>\n\n\n\n<li>Zdj\u0119cia gotowych produkt\u00f3w oraz wszystkie projekty na stronie animalista.art s\u0105 w\u0142asno\u015bci\u0105 firmy Bono Artis Monika O\u015bmia\u0142owska.<\/li>\n\n\n\n<li>W sprawach nieuregulowanych niniejszym regulaminem obowi\u0105zuj\u0105 przepisy kodeksu cywilnego oraz ustawy o ochronie niekt\u00f3rych praw konsument\u00f3w oraz odpowiedzialno\u015bci za szkod\u0119 wyrz\u0105dzon\u0105 przez produkt niebezpieczny z dnia 31 marca 2000 r. Dz.U. nr 22 poz.271).<\/li>\n\n\n\n<li>Wszelkie dane osobowe Klienta, podane przez Klienta nie b\u0119d\u0105 udost\u0119pniane osobom trzecim zgodnie z Ustaw\u0105 o ochronie danych osobowych z dnia 29 sierpnia 1997 (Dz. Ust. Nr 133 poz. 883).<\/li>\n<\/ol>\n\n\n\n<p>Data aktualizacji regulaminu: 5 marca 2025.<\/p>\n\n\n\n<p><\/p>\n\n\n\n<p><\/p>\n","protected":false},"excerpt":{"rendered":"<p>Korzystaj\u0105c ze strony www.animalista.art akceptujesz warunki poni\u017cszego Regulaminu oraz polityki prywatno\u015bci, stanowi\u0105cej za\u0142\u0105cznik do niniejszego regulaminu, znajduj\u0105cej si\u0119 pod adresem polityka-prywatnosci Data aktualizacji regulaminu: 5 marca 2025.<\/p>\n","protected":false},"author":1,"featured_media":0,"parent":0,"menu_order":0,"comment_status":"closed","ping_status":"closed","template":"","meta":{"neve_meta_sidebar":"","neve_meta_container":"","neve_meta_enable_content_width":"","neve_meta_content_width":0,"neve_meta_title_alignment":"","neve_meta_author_avatar":"","neve_post_elements_order":"","neve_meta_disable_header":"","neve_meta_disable_footer":"","neve_meta_disable_title":"","_themeisle_gutenberg_block_has_review":false,"footnotes":""},"class_list":["post-355","page","type-page","status-publish","hentry"],"aioseo_notices":[],"_links":{"self":[{"href":"https:\/\/animalista.art\/en\/wp-json\/wp\/v2\/pages\/355","targetHints":{"allow":["GET"]}}],"collection":[{"href":"https:\/\/animalista.art\/en\/wp-json\/wp\/v2\/pages"}],"about":[{"href":"https:\/\/animalista.art\/en\/wp-json\/wp\/v2\/types\/page"}],"author":[{"embeddable":true,"href":"https:\/\/animalista.art\/en\/wp-json\/wp\/v2\/users\/1"}],"replies":[{"embeddable":true,"href":"https:\/\/animalista.art\/en\/wp-json\/wp\/v2\/comments?post=355"}],"version-history":[{"count":4,"href":"https:\/\/animalista.art\/en\/wp-json\/wp\/v2\/pages\/355\/revisions"}],"predecessor-version":[{"id":904,"href":"https:\/\/animalista.art\/en\/wp-json\/wp\/v2\/pages\/355\/revisions\/904"}],"wp:attachment":[{"href":"https:\/\/animalista.art\/en\/wp-json\/wp\/v2\/media?parent=355"}],"curies":[{"name":"wp","href":"https:\/\/api.w.org\/{rel}","templated":true}]}}