{"id":3,"date":"2025-02-11T21:45:22","date_gmt":"2025-02-11T21:45:22","guid":{"rendered":"https:\/\/shop.animalista.art\/?page_id=3"},"modified":"2025-03-05T16:38:11","modified_gmt":"2025-03-05T15:38:11","slug":"polityka-prywatnosci","status":"publish","type":"page","link":"https:\/\/animalista.art\/en\/polityka-prywatnosci\/","title":{"rendered":"Polityka prywatno\u015bci"},"content":{"rendered":"\n<h3 class=\"wp-block-heading\">Sklep animalista.art szanuje prywatno\u015b\u0107 swoich u\u017cytkownik\u00f3w. Przeczytaj dok\u0142adnie poni\u017csze informacje, aby lepiej zapozna\u0107 si\u0119 z nasz\u0105 polityk\u0105 prywatno\u015bci.<\/h3>\n\n\n\n<h3 class=\"wp-block-heading\"><strong>Administrator danych osobowych<\/strong><\/h3>\n\n\n\n<p>Administratorem danych osobowych U\u017cytkownik\u00f3w strony www.animalista.art jest:<\/p>\n\n\n\n<p>Bono Artis Monika O\u015bmia\u0142owska<\/p>\n\n\n\n<p>Monika O\u015bmia\u0142owska<br>ul. Prosowa 1<br>86-200 Che\u0142mno<br>NIP 875-12-76-155<\/p>\n\n\n\n<p>REGON 870589039<\/p>\n\n\n\n<p>Aby uzyska\u0107 wi\u0119cej informacji, mo\u017cesz skontaktowa\u0107 si\u0119 z wyznaczonym Inspektorem. Adres email: kontakt@animalista.art.<\/p>\n\n\n\n<h3 class=\"wp-block-heading\"><strong>Gromadzenie danych osobowych<\/strong><\/h3>\n\n\n\n<p>Podczas wype\u0142niania formularza zam\u00f3wienia prosimy Ci\u0119 o podanie nast\u0119puj\u0105cych danych:<\/p>\n\n\n\n<ul class=\"wp-block-list\">\n<li>imi\u0119 i nazwisko<\/li>\n\n\n\n<li>adres e-mail<\/li>\n<\/ul>\n\n\n\n<p><\/p>\n\n\n\n<h3 class=\"wp-block-heading\"><strong>Bezpiecze\u0144stwo p\u0142atno\u015bci<\/strong><\/h3>\n\n\n\n<p>Wra\u017cliwe dane podawane przy transakcjach p\u0142atniczych, nie s\u0105 przetwarzane na naszych serwerach, a jedynie na serwerach upowa\u017cnionych firm obs\u0142uguj\u0105cych p\u0142atno\u015bci.<\/p>\n\n\n\n<h3 class=\"wp-block-heading\"><strong>Bezpiecze\u0144stwo danych<\/strong><\/h3>\n\n\n\n<p>Regularnie instalujemy najnowsze wersje zabezpiecze\u0144 technicznych i kryptograficznych chroni\u0105ce przetwarzane dane przed niepowo\u0142anym dost\u0119pem, zmian\u0105 lub usuni\u0119ciem.<\/p>\n\n\n\n<h3 class=\"wp-block-heading\"><strong>Tre\u015bci przesy\u0142ane<\/strong><\/h3>\n\n\n\n<p>Podczas korzystania z serwisu animalista.art nasze serwery automatycznie rejestruj\u0105 informacje przesy\u0142ane przez przegl\u0105dark\u0119 u\u017cytkownika w trakcie wy\u015bwietlania witryny. Dzienniki serwera mog\u0105 zawiera\u0107 takie informacje jak:<\/p>\n\n\n\n<ul class=\"wp-block-list\">\n<li>\u017c\u0105danie sieciowe,<\/li>\n\n\n\n<li>adres IP,<\/li>\n\n\n\n<li>typ przegl\u0105darki,<\/li>\n\n\n\n<li>j\u0119zyk przegl\u0105darki,<\/li>\n\n\n\n<li>data i godzina przes\u0142ania \u017c\u0105dania<\/li>\n\n\n\n<li>pliki cookies.<\/li>\n\n\n\n<li>historii dokonywanych w serwisach zam\u00f3wie\u0144 i p\u0142atno\u015bci, w tym dane wp\u0142acaj\u0105cego<\/li>\n\n\n\n<li>historia zapyta\u0144 wyszukiwania w ramach serwis\u00f3w<\/li>\n<\/ul>\n\n\n\n<p><\/p>\n\n\n\n<h3 class=\"wp-block-heading\"><strong>Cookies (ciasteczka)<\/strong><\/h3>\n\n\n\n<p>Pliki cookies to ma\u0142e pliki tekstowe wykorzystywane do zapisywania pewnych informacji na Twoim komputerze. Cookies nie s\u0105 szkodliwe ani dla Ciebie ani dla Twojego komputera i danych, dlatego zalecamy nie wy\u0142\u0105czanie ich obs\u0142ugi w przegl\u0105darkach. Funkcja logowania w serwisie animalista.art wymaga obs\u0142ugi ciasteczek. Stosowanie cookies umo\u017cliwia podnoszenie jako\u015bci naszych us\u0142ug oraz zwi\u0119kszania zadowolenia naszych u\u017cytkownik\u00f3w dzi\u0119ki przechowywaniu ich preferencji oraz \u015bledzeniu trend\u00f3w i sposob\u00f3w poruszania si\u0119 po serwisie animalista.art.<\/p>\n\n\n\n<h3 class=\"wp-block-heading\"><strong>W jakim celu przetwarzane s\u0105 Twoje dane osobowe?<\/strong><\/h3>\n\n\n\n<p>Cele przetwarzania danych na podstawie art. 6 ust. 1 punkt b RODO (przetwarzanie niezb\u0119dne do wykonania umowy, kt\u00f3rej jeste\u015b stron\u0105, b\u0105d\u017a do podj\u0119cia dzia\u0142a\u0144 na Twoje \u017c\u0105danie przed zawarciem umowy):<\/p>\n\n\n\n<ul class=\"wp-block-list\">\n<li>zawarcie i wykonywanie \u0142\u0105cz\u0105cej nas umowy, w tym prowadzenie Twojego konta w serwisie i obs\u0142uga p\u0142atno\u015bci,<\/li>\n<\/ul>\n\n\n\n<p>Cele przetwarzania danych na podstawie art. 6 ust. 1 punkt c RODO (wype\u0142nianie ci\u0105\u017c\u0105cych nas obowi\u0105zk\u00f3w prawnych):<\/p>\n\n\n\n<ul class=\"wp-block-list\">\n<li>prowadzenie rachunkowo\u015bci i rozliczenia podatkowe,<\/li>\n\n\n\n<li>przechowywanie dokument\u00f3w ksi\u0119gowych przez czas wymagany przepisami,<\/li>\n\n\n\n<li>obs\u0142uga reklamacji,<\/li>\n<\/ul>\n\n\n\n<p>Cele przetwarzania danych na podstawie art. 6 ust. 1 punkt f RODO (nasz prawnie uzasadniony interes):<\/p>\n\n\n\n<ul class=\"wp-block-list\">\n<li>monitorowanie aktywno\u015bci w serwisach i aplikacjach mobilnych w celu rozwoju \u015bwiadczonych us\u0142ug i poprawiania komfortu ich u\u017cytkowania,<\/li>\n\n\n\n<li>wprowadzanie ulepsze\u0144 w istniej\u0105cych us\u0142ugach i produktach<\/li>\n\n\n\n<li>opracowywanie nowych us\u0142ug i produkt\u00f3w.<\/li>\n<\/ul>\n\n\n\n<p><\/p>\n\n\n\n<h3 class=\"wp-block-heading\"><strong>Komu przekazuje Twoje dane?<\/strong><\/h3>\n\n\n\n<p>Przetwarzanie Twoich danych osobowych powierzamy:<\/p>\n\n\n\n<ul class=\"wp-block-list\">\n<li>podmiotom obs\u0142uguj\u0105cym nasze systemy informatyczne, \u015bwiadcz\u0105cym us\u0142ugi hostingowe, us\u0142ugi marketingowe, us\u0142ugi sk\u0142adowania danych, us\u0142ugi telekomunikacyjne, obs\u0142uguj\u0105cym poczt\u0119 elektroniczn\u0105,<\/li>\n\n\n\n<li>podmiotom obs\u0142uguj\u0105cym w naszym imieniu p\u0142atno\u015bci,<\/li>\n\n\n\n<li>podmiotom prowadz\u0105cym rachunkowo\u015b\u0107 i rozliczenia podatkowe,<\/li>\n<\/ul>\n\n\n\n<p><\/p>\n\n\n\n<h3 class=\"wp-block-heading\"><strong>Jakie masz uprawnienia?<\/strong><\/h3>\n\n\n\n<p>W zwi\u0105zku z przetwarzaniem przez nas Twoich danych osobowych, mo\u017cesz wnioskowa\u0107 o:<\/p>\n\n\n\n<ul class=\"wp-block-list\">\n<li>dost\u0119p do danych,<\/li>\n\n\n\n<li>sprostowanie niepoprawnych danych lub uzupe\u0142nienie niekompletnych danych,<\/li>\n\n\n\n<li>ograniczenie przetwarzania,<\/li>\n\n\n\n<li>usuni\u0119cie przetwarzanych danych,<\/li>\n<\/ul>\n\n\n\n<p>Masz tak\u017ce prawo, aby w dowolnym momencie cofn\u0105\u0107 udzielon\u0105 zgod\u0119 na przetwarzanie danych osobowych. Pozostaje to bez wp\u0142ywu na zgodno\u015b\u0107 z prawem przetwarzania, kt\u00f3rego dokonano na podstawie zgody przed jej cofni\u0119ciem.<\/p>\n\n\n\n<h3 class=\"wp-block-heading\"><strong>Okres przechowywania danych<\/strong><\/h3>\n\n\n\n<p>W przypadku cofni\u0119cia zgody odno\u015bnie przetwarzania Twoich danych osobowych lub rozwi\u0105zania wszystkich um\u00f3w, na podstawie kt\u00f3rych by\u0142y przetwarzane, dane te zostan\u0105 przez nas usuni\u0119te z zastrze\u017ceniem, \u017ce:<\/p>\n\n\n\n<ul class=\"wp-block-list\">\n<li>Jeste\u015bmy zobowi\u0105zani przez prawo do przechowywania danych niezb\u0119dnych do rozlicze\u0144 podatkowych i rachunkowych, przez okresy okre\u015blone w odpowiednich przepisach.<br><\/li>\n<\/ul>\n\n\n\n<p><\/p>\n\n\n\n<p>Data aktualizacji regulaminu: 5 marca 2025.<\/p>\n\n\n\n<p><\/p>\n","protected":false},"excerpt":{"rendered":"<p>Sklep animalista.art szanuje prywatno\u015b\u0107 swoich u\u017cytkownik\u00f3w. Przeczytaj dok\u0142adnie poni\u017csze informacje, aby lepiej zapozna\u0107 si\u0119 z nasz\u0105 polityk\u0105 prywatno\u015bci. Administrator danych osobowych Administratorem danych osobowych U\u017cytkownik\u00f3w strony www.animalista.art jest: Bono Artis Monika O\u015bmia\u0142owska Monika O\u015bmia\u0142owskaul. Prosowa 186-200 Che\u0142mnoNIP 875-12-76-155 REGON 870589039 Aby uzyska\u0107 wi\u0119cej informacji, mo\u017cesz skontaktowa\u0107 si\u0119 z wyznaczonym Inspektorem. Adres email: kontakt@animalista.art. Gromadzenie danych&hellip;&nbsp;<a href=\"https:\/\/animalista.art\/en\/polityka-prywatnosci\/\" rel=\"bookmark\">Read More &raquo;<span class=\"screen-reader-text\">Polityka prywatno\u015bci<\/span><\/a><\/p>\n","protected":false},"author":1,"featured_media":0,"parent":0,"menu_order":0,"comment_status":"closed","ping_status":"open","template":"","meta":{"neve_meta_sidebar":"","neve_meta_container":"","neve_meta_enable_content_width":"","neve_meta_content_width":0,"neve_meta_title_alignment":"","neve_meta_author_avatar":"","neve_post_elements_order":"","neve_meta_disable_header":"","neve_meta_disable_footer":"","neve_meta_disable_title":"","_themeisle_gutenberg_block_has_review":false,"footnotes":""},"class_list":["post-3","page","type-page","status-publish","hentry"],"aioseo_notices":[],"_links":{"self":[{"href":"https:\/\/animalista.art\/en\/wp-json\/wp\/v2\/pages\/3","targetHints":{"allow":["GET"]}}],"collection":[{"href":"https:\/\/animalista.art\/en\/wp-json\/wp\/v2\/pages"}],"about":[{"href":"https:\/\/animalista.art\/en\/wp-json\/wp\/v2\/types\/page"}],"author":[{"embeddable":true,"href":"https:\/\/animalista.art\/en\/wp-json\/wp\/v2\/users\/1"}],"replies":[{"embeddable":true,"href":"https:\/\/animalista.art\/en\/wp-json\/wp\/v2\/comments?post=3"}],"version-history":[{"count":6,"href":"https:\/\/animalista.art\/en\/wp-json\/wp\/v2\/pages\/3\/revisions"}],"predecessor-version":[{"id":901,"href":"https:\/\/animalista.art\/en\/wp-json\/wp\/v2\/pages\/3\/revisions\/901"}],"wp:attachment":[{"href":"https:\/\/animalista.art\/en\/wp-json\/wp\/v2\/media?parent=3"}],"curies":[{"name":"wp","href":"https:\/\/api.w.org\/{rel}","templated":true}]}}